{"id":157,"date":"2025-01-22T14:36:19","date_gmt":"2025-01-22T14:36:19","guid":{"rendered":"https:\/\/pubec.phenikaa-uni.edu.vn\/?page_id=157"},"modified":"2025-07-16T11:01:17","modified_gmt":"2025-07-16T11:01:17","slug":"venue","status":"publish","type":"page","link":"https:\/\/pubec.phenikaa-uni.edu.vn\/?page_id=157","title":{"rendered":"Venue"},"content":{"rendered":"\n<p>Phenikaa University, Y\u00ean Ngh\u0129a, H\u00e0 \u0110\u00f4ng, H\u00e0 N\u1ed9i<\/p>\n\n\n\n<figure class=\"wp-block-image size-large\"><img decoding=\"async\" src=\"https:\/\/pubec.phenikaa-uni.edu.vn\/wp-content\/uploads\/2025\/01\/PhenikaaUni-1024x768.jpg\" alt=\"\" class=\"wp-image-162\"\/><\/figure>\n\n\n\n<iframe src=\"https:\/\/www.google.com\/maps\/embed?pb=!1m18!1m12!1m3!1d3725.7484136612698!2d105.7461114747127!3d20.962616190048152!2m3!1f0!2f0!3f0!3m2!1i1024!2i768!4f13.1!3m3!1m2!1s0x313452efff394ce3%3A0x391a39d4325be464!2zVHLGsOG7nW5nIMSQ4bqhaSBI4buNYyBQaGVuaWthYQ!5e0!3m2!1svi!2s!4v1737547085020!5m2!1svi!2s\" width=\"100%\" height=\"450\" style=\"border:0;\" allowfullscreen=\"\" loading=\"lazy\" referrerpolicy=\"no-referrer-when-downgrade\"><\/iframe>\n\n\n\n<figure class=\"wp-block-image size-large\"><img loading=\"lazy\" decoding=\"async\" width=\"1024\" height=\"705\" src=\"https:\/\/pubec.phenikaa-uni.edu.vn\/wp-content\/uploads\/2025\/07\/SoDoBaiDeXePhenikaaUni-1024x705.jpg\" alt=\"\" class=\"wp-image-1320\" srcset=\"https:\/\/pubec.phenikaa-uni.edu.vn\/wp-content\/uploads\/2025\/07\/SoDoBaiDeXePhenikaaUni-1024x705.jpg 1024w, https:\/\/pubec.phenikaa-uni.edu.vn\/wp-content\/uploads\/2025\/07\/SoDoBaiDeXePhenikaaUni-300x207.jpg 300w, https:\/\/pubec.phenikaa-uni.edu.vn\/wp-content\/uploads\/2025\/07\/SoDoBaiDeXePhenikaaUni-768x529.jpg 768w, https:\/\/pubec.phenikaa-uni.edu.vn\/wp-content\/uploads\/2025\/07\/SoDoBaiDeXePhenikaaUni.jpg 1194w\" sizes=\"auto, (max-width: 1024px) 100vw, 1024px\" \/><\/figure>\n","protected":false},"excerpt":{"rendered":"<p>Phenikaa University, Y\u00ean Ngh\u0129a, H\u00e0 \u0110\u00f4ng, H\u00e0 N\u1ed9i<\/p>\n","protected":false},"author":1,"featured_media":0,"parent":0,"menu_order":0,"comment_status":"closed","ping_status":"closed","template":"","meta":{"footnotes":""},"class_list":["post-157","page","type-page","status-publish","hentry"],"_links":{"self":[{"href":"https:\/\/pubec.phenikaa-uni.edu.vn\/index.php?rest_route=\/wp\/v2\/pages\/157","targetHints":{"allow":["GET"]}}],"collection":[{"href":"https:\/\/pubec.phenikaa-uni.edu.vn\/index.php?rest_route=\/wp\/v2\/pages"}],"about":[{"href":"https:\/\/pubec.phenikaa-uni.edu.vn\/index.php?rest_route=\/wp\/v2\/types\/page"}],"author":[{"embeddable":true,"href":"https:\/\/pubec.phenikaa-uni.edu.vn\/index.php?rest_route=\/wp\/v2\/users\/1"}],"replies":[{"embeddable":true,"href":"https:\/\/pubec.phenikaa-uni.edu.vn\/index.php?rest_route=%2Fwp%2Fv2%2Fcomments&post=157"}],"version-history":[{"count":3,"href":"https:\/\/pubec.phenikaa-uni.edu.vn\/index.php?rest_route=\/wp\/v2\/pages\/157\/revisions"}],"predecessor-version":[{"id":1321,"href":"https:\/\/pubec.phenikaa-uni.edu.vn\/index.php?rest_route=\/wp\/v2\/pages\/157\/revisions\/1321"}],"wp:attachment":[{"href":"https:\/\/pubec.phenikaa-uni.edu.vn\/index.php?rest_route=%2Fwp%2Fv2%2Fmedia&parent=157"}],"curies":[{"name":"wp","href":"https:\/\/api.w.org\/{rel}","templated":true}]}}